{"id":588,"date":"2017-08-19T06:48:22","date_gmt":"2017-08-19T04:48:22","guid":{"rendered":"http:\/\/grupored.inteligencia-web.com\/?page_id=588"},"modified":"2024-09-15T12:46:36","modified_gmt":"2024-09-15T12:46:36","slug":"my-bookings","status":"publish","type":"page","link":"https:\/\/www.locationsvoiturefes.com\/es\/my-bookings\/","title":{"rendered":"Gestionar Mi Reserva"},"content":{"rendered":"<div class=\"wpb-content-wrapper\"><div class=\"vc_row wpb_row vc_row-fluid vc-slider-bg vc-slider-bg-617266\"><div class=\"wpb_column vc_column_container vc_col-sm-12\"><div class=\"vc_column-inner\"><div class=\"wpb_wrapper\"><div id=\"edit322554\">\t<div class=\"car-rental-search-step1 car-rental-order-code-input-form mb-3\">\r\n\t\t<form name=\"change-order-form\" action=\"\" method=\"GET\" class=\"change-order-form\" data-trp-original-action=\"\">\r\n\t\t\t<div class=\"modify-booking\">\r\n\t\t\t\t<div class=\"row\">\r\n\t\t\t\t\t<div class=\"col-12\">\r\n\t\t\t\t\t\t<h3>Cambiar\nreservaci\u00f3n<\/h3>\r\n\t\t\t\t\t<\/div>\r\n\t\t\t\t<\/div>\r\n\t\t\t\t<div class=\"row\">\r\n\t\t\t\t\t<input type=\"hidden\" name=\"car_rental_came_from_step1\" value=\"yes\"\/>\r\n\t\t\t\t\t<div class=\"col-xxs-12 col-6 col-sm-4 col-md-3 pt-3\">\r\n\t\t\t\t\t\t\t\t\t\t\t\t\t<input value=\"\" type=\"text\"\r\n\t\t\t\t\t\t\t\t   name=\"car_rental_reservation_code\" class=\"order-code\" autocomplete=\"off\"\r\n\t\t\t\t\t\t\t\t   placeholder=\"Tengo un n\u00famero de reserva:\"\r\n\t\t\t\t\t\t\t\t   title=\"C\u00f3digo de la Reserva\"\/>\r\n\t\t\t\t\t\t\t\t\t\t\t<\/div>\r\n\t\t\t\t\t<div class=\"col-xxs-12 col-6 col-sm-4 col-md-3 pt-3\">\r\n\t\t\t\t\t\t\t\t\t\t\t\t\t<button type=\"submit\" name=\"car_rental_change_order\"\r\n\t\t\t\t\t\t\t\t\tclass=\"change-order-button\">Cambiar reservaci\u00f3n<\/button>\r\n\t\t\t\t\t\t\t\t\t\t\t<\/div>\r\n\t\t\t\t<\/div>\r\n\t\t\t<\/div>\r\n\t\t<input type=\"hidden\" name=\"trp-form-language\" value=\"es\"\/><\/form>\r\n\t<\/div>\r\n<\/div><\/div><\/div><\/div><\/div><div class=\"vc_row wpb_row vc_row-fluid vc-slider-bg vc-slider-bg-285726\"><div class=\"wpb_column vc_column_container vc_col-sm-12\"><div class=\"vc_column-inner\"><div class=\"wpb_wrapper\">\n\t<div class=\"wpb_text_column wpb_content_element no_padding\" >\n\t\t<div class=\"wpb_wrapper\">\n\t\t\t<p>Si vous avez besoin d&rsquo;assistance, veuillez consulter la section <a href=\"https:\/\/www.locationsvoiturefes.com\/es\/faq\/\"><strong>FAQ<\/strong><\/a> pour trouver des r\u00e9ponses \u00e0 vos questions.<br \/>\nSi vous ne trouvez pas ce que vous cherchez, vous pouvez <a href=\"https:\/\/www.locationsvoiturefes.com\/es\/contact\/\"><strong>contacter un administrateur<\/strong><\/a> ou nous appeler sur +212660 851 152 pour une aide personnalis\u00e9e.<\/p>\n\n\t\t<\/div>\n\t<\/div>\n<\/div><\/div><\/div><\/div>\n<\/div>","protected":false},"excerpt":{"rendered":"Cambiar reservaci\u00f3n Cambiar reservaci\u00f3n Si vous avez besoin d'assistance, veuillez consulter la section FAQ pour trouver des r\u00e9ponses \u00e0 vos questions. Si vous ne trouvez pas ce que vous cherchez, vous pouvez contacter un administrateur ou nous appeler sur +212660 851 152 pour une aide personnalis\u00e9e.","protected":false},"author":1,"featured_media":0,"parent":0,"menu_order":0,"comment_status":"closed","ping_status":"closed","template":"","meta":{"footnotes":""},"class_list":["post-588","page","type-page","status-publish","hentry"],"_links":{"self":[{"href":"https:\/\/www.locationsvoiturefes.com\/es\/wp-json\/wp\/v2\/pages\/588","targetHints":{"allow":["GET"]}}],"collection":[{"href":"https:\/\/www.locationsvoiturefes.com\/es\/wp-json\/wp\/v2\/pages"}],"about":[{"href":"https:\/\/www.locationsvoiturefes.com\/es\/wp-json\/wp\/v2\/types\/page"}],"author":[{"embeddable":true,"href":"https:\/\/www.locationsvoiturefes.com\/es\/wp-json\/wp\/v2\/users\/1"}],"replies":[{"embeddable":true,"href":"https:\/\/www.locationsvoiturefes.com\/es\/wp-json\/wp\/v2\/comments?post=588"}],"version-history":[{"count":0,"href":"https:\/\/www.locationsvoiturefes.com\/es\/wp-json\/wp\/v2\/pages\/588\/revisions"}],"wp:attachment":[{"href":"https:\/\/www.locationsvoiturefes.com\/es\/wp-json\/wp\/v2\/media?parent=588"}],"curies":[{"name":"wp","href":"https:\/\/api.w.org\/{rel}","templated":true}]}}