{"id":3166,"date":"2024-08-11T13:48:56","date_gmt":"2024-08-11T13:48:56","guid":{"rendered":"https:\/\/www.locationsvoiturefes.com\/?page_id=3166"},"modified":"2024-09-15T12:31:02","modified_gmt":"2024-09-15T12:31:02","slug":"conditions-generales","status":"publish","type":"page","link":"https:\/\/www.locationsvoiturefes.com\/es\/conditions-generales\/","title":{"rendered":"T\u00e9rminos y Condiciones"},"content":{"rendered":"<div class=\"wpb-content-wrapper\"><div data-vc-full-width=\"true\" data-vc-full-width-init=\"false\" class=\"vc_row wpb_row vc_row-fluid secondary_color_background box_shadow vc_column-gap-35 vc_row-o-full-height vc_row-o-columns-middle vc_row-o-equal-height vc_row-o-content-middle vc_row-flex vc-slider-bg vc-slider-bg-484261\"><div class=\"wpb_column vc_column_container vc_col-sm-8 vc_col-has-fill\"><div class=\"vc_column-inner vc_custom_1549248549730\"><div class=\"wpb_wrapper\"><div class=\"fancy-title align_left\"><h3 class=\"vc_underline_title vc_title white\">T\u00e9rminos y Condiciones - Drive4Less Alquiler de Coches Fes<\/h3><div class=\"vc_underline white\"><\/div><\/div>\n\t<div class=\"wpb_text_column wpb_content_element white\" >\n\t\t<div class=\"wpb_wrapper\">\n\t\t\t<p>Al utilizar los servicios de alquiler de coches de <strong>Drive4Less<\/strong>acepta los siguientes t\u00e9rminos y condiciones. L\u00e9alos cuidadosamente para una experiencia de alquiler sin preocupaciones.<\/p>\n<h4>1. <strong>Objetivo del Contrato<\/strong><\/h4>\n<p>Este contrato de alquiler de veh\u00edculo se celebra entre <strong>Drive4Less<\/strong> y el arrendatario, quien se compromete a cumplir con los t\u00e9rminos y condiciones descritos a continuaci\u00f3n.<\/p>\n<h4>2. <strong>Condiciones de Alquiler<\/strong><\/h4>\n<ul>\n<li class=\"translation-block\"><strong>Edad M\u00ednima:<\/strong> El arrendatario debe tener al menos 21 a\u00f1os. Los conductores menores de 25 a\u00f1os pueden estar sujetos a cargos adicionales.<\/li>\n<li class=\"translation-block\"><strong>Licencia de Conducir:<\/strong> El arrendatario debe presentar una licencia de conducir v\u00e1lida desde hace al menos un a\u00f1o. Los conductores internacionales deben proporcionar una licencia de conducir internacional o una traducci\u00f3n oficial de su licencia.<\/li>\n<\/ul>\n<h4>3. <strong>Duraci\u00f3n del Alquiler<\/strong><\/h4>\n<ul>\n<li><strong>P\u00e9riode Minimale :<\/strong> <strong>Per\u00edodo M\u00ednimo:<\/strong> La duraci\u00f3n m\u00ednima de alquiler es de 24 horas. Cualquier d\u00eda comenzado es cobrado en su totalidad.<\/li>\n<li class=\"translation-block\"><strong>Extensi\u00f3n:<\/strong> Cualquier extensi\u00f3n del per\u00edodo de alquiler debe ser solicitada y aprobada por Drive4Less antes de que finalice el per\u00edodo inicial.<\/li>\n<\/ul>\n<h4>4. <strong>Seguro<\/strong><\/h4>\n<ul>\n<li class=\"translation-block\"><strong>Seguro Incluido:<\/strong> El veh\u00edculo est\u00e1 cubierto por un seguro de responsabilidad civil. Puede aplicarse un deducible en caso de da\u00f1os o robo.<\/li>\n<li class=\"translation-block\"><strong>Opciones Adicionales:<\/strong> Est\u00e1n disponibles opciones de seguro adicionales para reducir o eliminar el deducible.<\/li>\n<\/ul>\n<h4>5. <strong>Combustible<\/strong><\/h4>\n<ul>\n<li class=\"translation-block\"><strong>Pol\u00edtica de Combustible:<\/strong> El veh\u00edculo debe ser devuelto con el mismo nivel de combustible con el que fue recogido. Se podr\u00e1n aplicar cargos por repostaje si el veh\u00edculo es devuelto con menos combustible.<\/li>\n<\/ul>\n<h4>6. <strong>Uso del Veh\u00edculo<\/strong><\/h4>\n<ul>\n<li class=\"translation-block\"><strong>Uso Autorizado:<\/strong> El veh\u00edculo est\u00e1 destinado a uso personal y no puede ser utilizado para fines comerciales, para el transporte de pasajeros que paguen o para participar en carreras.<\/li>\n<li class=\"translation-block\"><strong>Zona de Conducci\u00f3n:<\/strong> El veh\u00edculo solo puede ser conducido dentro de las zonas geogr\u00e1ficas especificadas en el contrato. Cualquier desplazamiento fuera de estas zonas requiere autorizaci\u00f3n previa de Drive4Less.<\/li>\n<\/ul>\n<h4>7. <strong>Devoluci\u00f3n del Veh\u00edculo<\/strong><\/h4>\n<ul>\n<li><strong>Hora de Devoluci\u00f3n:<\/strong> El veh\u00edculo debe ser devuelto a la hora acordada. Cualquier retraso no autorizado incurre en cargos adicionales.<\/li>\n<li class=\"translation-block\"><strong>Condici\u00f3n del Veh\u00edculo:<\/strong> El veh\u00edculo debe ser devuelto en el mismo estado en el que fue alquilado, exceptuando el desgaste normal. Se aplicar\u00e1n cargos por reparaciones en caso de da\u00f1os.<\/li>\n<\/ul>\n<h4>8. <strong>Pago<\/strong><\/h4>\n<ul>\n<li class=\"translation-block\"><strong>Pago:<\/strong> El pago debe realizarse en su totalidad en el momento de la recogida del veh\u00edculo. Los m\u00e9todos de pago aceptados incluyen tarjetas de cr\u00e9dito y efectivo.<\/li>\n<li class=\"translation-block\"><strong>Dep\u00f3sito de Seguridad:<\/strong> Se requiere un dep\u00f3sito de seguridad al momento del alquiler. Este dep\u00f3sito ser\u00e1 reembolsado despu\u00e9s de la devoluci\u00f3n del veh\u00edculo, siempre que no haya da\u00f1os ni cargos adicionales.<\/li>\n<\/ul>\n<h4>9. <strong>Cancelaci\u00f3n<\/strong><\/h4>\n<ul>\n<li class=\"translation-block\"><strong>Pol\u00edtica de Cancelaci\u00f3n:<\/strong> Las cancelaciones realizadas 48 horas antes de la fecha de alquiler recibir\u00e1n un reembolso completo. Las cancelaciones tard\u00edas pueden generar cargos por cancelaci\u00f3n.<\/li>\n<\/ul>\n<h4>10. <strong>Responsabilidades del Arrendatario<\/strong><\/h4>\n<ul>\n<li class=\"translation-block\"><strong>Da\u00f1os y Robo:<\/strong> El arrendatario es responsable de cualquier da\u00f1o o robo del veh\u00edculo durante el per\u00edodo de alquiler, a menos que se haya contratado un seguro adicional.<\/li>\n<li class=\"translation-block\"><strong>Multas y Sanciones:<\/strong> El arrendatario es responsable de todas las multas, infracciones o violaciones de las leyes de tr\u00e1nsito cometidas durante el per\u00edodo de alquiler.<\/li>\n<\/ul>\n<h4>11. <strong>Reclamaciones<\/strong><\/h4>\n<ul>\n<li><strong>D\u00e9lai de R\u00e9clamation :<\/strong> Toute r\u00e9clamation doit \u00eatre faite dans un d\u00e9lai de 14 jours apr\u00e8s la fin de la location. <strong>Drive4Less<\/strong> s\u2019engage \u00e0 traiter les r\u00e9clamations dans les plus brefs d\u00e9lais.<\/li>\n<\/ul>\n<p class=\"translation-block\"><p>Al aceptar estos t\u00e9rminos y condiciones, usted se compromete a cumplir con los t\u00e9rminos y obligaciones del contrato de alquiler. Para cualquier pregunta o aclaraci\u00f3n, por favor contacte al servicio de atenci\u00f3n al cliente de Drive4Less.<\/p><\/p>\n\n\t\t<\/div>\n\t<\/div>\n<\/div><\/div><\/div><div class=\"wpb_column vc_column_container vc_col-sm-4 vc_col-has-fill\"><div class=\"vc_column-inner vc_custom_1549260453379\"><div class=\"wpb_wrapper\"><\/div><\/div><\/div><\/div><div class=\"vc_row-full-width vc_clearfix\"><\/div><div data-vc-full-width=\"true\" data-vc-full-width-init=\"false\" class=\"vc_row wpb_row vc_row-fluid primary_color_background box_shadow vc_custom_1551678287611 vc-slider-bg vc-slider-bg-935772\"><div class=\"wpb_column vc_column_container vc_col-sm-6 vc_col-lg-3 vc_col-md-3\"><div class=\"vc_column-inner vc_custom_1551678127245\"><div class=\"wpb_wrapper\"><div class=\"vc_row wpb_row vc_inner vc_row-fluid\"><div class=\"wpb_column vc_column_container vc_col-sm-3\"><div class=\"vc_column-inner\"><div class=\"wpb_wrapper\"><div class=\"vc_icon_element vc_icon_element-outer vc_custom_1551678384251 vc_do_icon wpb_animate_when_almost_visible wpb_flipInX flipInX vc_icon_element-align-center\"><div class=\"vc_icon_element-inner vc_icon_element-color-secondary_color vc_icon_element-size-lg vc_icon_element-style- vc_icon_element-background-color-grey\" ><span class=\"vc_icon_element-icon fa fa-heart\" ><\/span><\/div><\/div><\/div><\/div><\/div><div class=\"wpb_column vc_column_container vc_col-sm-9\"><div class=\"vc_column-inner\"><div class=\"wpb_wrapper\"><div><div class=\"stat_counter_wrapper white\"><div id=\"wpcr-counter272805\" class=\"stat_counter default\" data-count_to=\"1268\">-<\/div><div class=\"stat_title\">Clientes Satisfechos<\/div><\/div><\/div><\/div><\/div><\/div><\/div><\/div><\/div><\/div><div class=\"wpb_column vc_column_container vc_col-sm-6 vc_col-lg-3 vc_col-md-3\"><div class=\"vc_column-inner vc_custom_1551678132917\"><div class=\"wpb_wrapper\"><div class=\"vc_row wpb_row vc_inner vc_row-fluid\"><div class=\"wpb_column vc_column_container vc_col-sm-3\"><div class=\"vc_column-inner\"><div class=\"wpb_wrapper\"><div class=\"vc_icon_element vc_icon_element-outer vc_custom_1551678389420 vc_do_icon wpb_animate_when_almost_visible wpb_flipInX flipInX vc_icon_element-align-center\"><div class=\"vc_icon_element-inner vc_icon_element-color-secondary_color vc_icon_element-size-lg vc_icon_element-style- vc_icon_element-background-color-grey\" ><span class=\"vc_icon_element-icon fa fa-car\" ><\/span><\/div><\/div><\/div><\/div><\/div><div class=\"wpb_column vc_column_container vc_col-sm-9\"><div class=\"vc_column-inner\"><div class=\"wpb_wrapper\"><div><div class=\"stat_counter_wrapper white\"><div id=\"wpcr-counter103811\" class=\"stat_counter default\" data-count_to=\"25\">-<\/div><div class=\"stat_title\">Veh\u00edculos<\/div><\/div><\/div><\/div><\/div><\/div><\/div><\/div><\/div><\/div><div class=\"wpb_column vc_column_container vc_col-sm-6 vc_col-lg-3 vc_col-md-3\"><div class=\"vc_column-inner vc_custom_1551678141723\"><div class=\"wpb_wrapper\"><div class=\"vc_row wpb_row vc_inner vc_row-fluid\"><div class=\"wpb_column vc_column_container vc_col-sm-3\"><div class=\"vc_column-inner\"><div class=\"wpb_wrapper\"><div class=\"vc_icon_element vc_icon_element-outer vc_custom_1551678393392 vc_do_icon wpb_animate_when_almost_visible wpb_flipInX flipInX vc_icon_element-align-center\"><div class=\"vc_icon_element-inner vc_icon_element-color-secondary_color vc_icon_element-size-lg vc_icon_element-style- vc_icon_element-background-color-grey\" ><span class=\"vc_icon_element-icon fa fa-map-marker\" ><\/span><\/div><\/div><\/div><\/div><\/div><div class=\"wpb_column vc_column_container vc_col-sm-9\"><div class=\"vc_column-inner\"><div class=\"wpb_wrapper\"><div><div class=\"stat_counter_wrapper white\"><div id=\"wpcr-counter805585\" class=\"stat_counter default\" data-count_to=\"8\">-<\/div><div class=\"stat_title\">Ubicaciones<\/div><\/div><\/div><\/div><\/div><\/div><\/div><\/div><\/div><\/div><div class=\"wpb_column vc_column_container vc_col-sm-6 vc_col-lg-3 vc_col-md-3\"><div class=\"vc_column-inner vc_custom_1551678146263\"><div class=\"wpb_wrapper\"><div class=\"vc_row wpb_row vc_inner vc_row-fluid\"><div class=\"wpb_column vc_column_container vc_col-sm-3\"><div class=\"vc_column-inner\"><div class=\"wpb_wrapper\"><div class=\"vc_icon_element vc_icon_element-outer vc_custom_1551678398341 vc_do_icon wpb_animate_when_almost_visible wpb_flipInX flipInX vc_icon_element-align-center\"><div class=\"vc_icon_element-inner vc_icon_element-color-secondary_color vc_icon_element-size-lg vc_icon_element-style- vc_icon_element-background-color-grey\" ><span class=\"vc_icon_element-icon fa fa-calendar-check-o\" ><\/span><\/div><\/div><\/div><\/div><\/div><div class=\"wpb_column vc_column_container vc_col-sm-9\"><div class=\"vc_column-inner\"><div class=\"wpb_wrapper\"><div><div class=\"stat_counter_wrapper white\"><div id=\"wpcr-counter602944\" class=\"stat_counter default\" data-count_to=\"1264\">-<\/div><div class=\"stat_title\">Reservas Realizadas<\/div><\/div><\/div><\/div><\/div><\/div><\/div><\/div><\/div><\/div><\/div><div class=\"vc_row-full-width vc_clearfix\"><\/div><div class=\"vc_row wpb_row vc_row-fluid vc_custom_1549260584699 vc-slider-bg vc-slider-bg-182564\"><div class=\"wpb_column vc_column_container vc_col-sm-12\"><div class=\"vc_column-inner\"><div class=\"wpb_wrapper\"><div class=\"fancy-title align_center\"><h2 class=\"vc_underline_title vc_title black\">\u00bfPor qu\u00e9 Elegir Drive4Less?<\/h2><div class=\"vc_underline secondary_color_background\"><\/div><\/div>\n\t<div class=\"wpb_text_column wpb_content_element align_center\" >\n\t\t<div class=\"wpb_wrapper\">\n\t\t\t<p><strong>Drive4Less<\/strong> se destaca como tu socio ideal para el alquiler de coches en Fes gracias a varias ventajas clave que garantizan una experiencia de alquiler excepcional:<\/p>\n\n\t\t<\/div>\n\t<\/div>\n<div class=\"vc_row wpb_row vc_inner vc_row-fluid vc_custom_1549250696928\"><div class=\"wpb_column vc_column_container vc_col-sm-4\"><div class=\"vc_column-inner\"><div class=\"wpb_wrapper\"><div class=\"vc_icon_element vc_icon_element-outer vc_do_icon vc_icon_element-align-center\"><div class=\"vc_icon_element-inner vc_icon_element-color-primary_color vc_icon_element-size-xl vc_icon_element-style- vc_icon_element-background-color-grey\" ><span class=\"vc_icon_element-icon fa fa-star\" ><\/span><\/div><\/div>\n\t<div class=\"wpb_text_column wpb_content_element align_center\" >\n\t\t<div class=\"wpb_wrapper\">\n\t\t\t<p><strong>Flexibilidad y Simplicidad<\/strong><\/p>\n<p class=\"translation-block\">El alquiler de coches con Drive4Less est\u00e1 dise\u00f1ado para ser sencillo y flexible. Reserva en l\u00ednea o directamente en nuestras oficinas seg\u00fan tu preferencia. Contamos con horarios de apertura adaptados para facilitar la recogida y devoluci\u00f3n de tu veh\u00edculo.<\/p>\n\n\t\t<\/div>\n\t<\/div>\n<\/div><\/div><\/div><div class=\"wpb_column vc_column_container vc_col-sm-4\"><div class=\"vc_column-inner\"><div class=\"wpb_wrapper\"><div class=\"vc_icon_element vc_icon_element-outer vc_do_icon vc_icon_element-align-center\"><div class=\"vc_icon_element-inner vc_icon_element-color-primary_color vc_icon_element-size-xl vc_icon_element-style- vc_icon_element-background-color-grey\" ><span class=\"vc_icon_element-icon fa fa-wrench\" ><\/span><\/div><\/div>\n\t<div class=\"wpb_text_column wpb_content_element align_center\" >\n\t\t<div class=\"wpb_wrapper\">\n\t\t\t<p><strong>Compromiso con la Seguridad<\/strong><\/p>\n<p>Todos nuestros veh\u00edculos son minuciosamente inspeccionados antes de cada alquiler para garantizar tu seguridad y comodidad. Nos comprometemos a proporcionarte una experiencia de conducci\u00f3n agradable y sin preocupaciones.<\/p>\n\n\t\t<\/div>\n\t<\/div>\n<\/div><\/div><\/div><div class=\"wpb_column vc_column_container vc_col-sm-4\"><div class=\"vc_column-inner\"><div class=\"wpb_wrapper\"><div class=\"vc_icon_element vc_icon_element-outer vc_do_icon vc_icon_element-align-center\"><div class=\"vc_icon_element-inner vc_icon_element-color-primary_color vc_icon_element-size-xl vc_icon_element-style- vc_icon_element-background-color-grey\" ><span class=\"vc_icon_element-icon fa fa-ticket\" ><\/span><\/div><\/div>\n\t<div class=\"wpb_text_column wpb_content_element align_center\" >\n\t\t<div class=\"wpb_wrapper\">\n\t\t\t<p><strong>Tarifas Transparentes y Competitivas<\/strong><\/p>\n<p>Ofrecemos tarifas claras y competitivas, sin cargos ocultos. De este modo, disfrutas de una excelente relaci\u00f3n calidad-precio para tus necesidades de movilidad. Tambi\u00e9n ofrecemos ofertas especiales y descuentos regulares.<\/p>\n\n\t\t<\/div>\n\t<\/div>\n<\/div><\/div><\/div><\/div><\/div><\/div><\/div><\/div>\n<\/div>","protected":false},"excerpt":{"rendered":"Conditions G\u00e9n\u00e9rales de Service \u2013 Drive4Less En utilisant les services de location de voitures de Drive4Less, vous acceptez les conditions g\u00e9n\u00e9rales suivantes. Veuillez les lire attentivement pour une exp\u00e9rience de location sans souci. 1. Objet du Contrat Le pr\u00e9sent contrat de location de v\u00e9hicule est conclu entre Drive4Less et le locataire, qui s'engage \u00e0 respecter [...]","protected":false},"author":1,"featured_media":0,"parent":0,"menu_order":0,"comment_status":"closed","ping_status":"closed","template":"homepage.php","meta":{"footnotes":""},"class_list":["post-3166","page","type-page","status-publish","hentry"],"_links":{"self":[{"href":"https:\/\/www.locationsvoiturefes.com\/es\/wp-json\/wp\/v2\/pages\/3166","targetHints":{"allow":["GET"]}}],"collection":[{"href":"https:\/\/www.locationsvoiturefes.com\/es\/wp-json\/wp\/v2\/pages"}],"about":[{"href":"https:\/\/www.locationsvoiturefes.com\/es\/wp-json\/wp\/v2\/types\/page"}],"author":[{"embeddable":true,"href":"https:\/\/www.locationsvoiturefes.com\/es\/wp-json\/wp\/v2\/users\/1"}],"replies":[{"embeddable":true,"href":"https:\/\/www.locationsvoiturefes.com\/es\/wp-json\/wp\/v2\/comments?post=3166"}],"version-history":[{"count":0,"href":"https:\/\/www.locationsvoiturefes.com\/es\/wp-json\/wp\/v2\/pages\/3166\/revisions"}],"wp:attachment":[{"href":"https:\/\/www.locationsvoiturefes.com\/es\/wp-json\/wp\/v2\/media?parent=3166"}],"curies":[{"name":"wp","href":"https:\/\/api.w.org\/{rel}","templated":true}]}}