{"id":1853,"date":"2018-02-18T06:16:07","date_gmt":"2018-02-18T06:16:07","guid":{"rendered":"http:\/\/www.wpcarrental.com\/modern\/?page_id=1853"},"modified":"2024-09-15T12:58:29","modified_gmt":"2024-09-15T12:58:29","slug":"about-us","status":"publish","type":"page","link":"https:\/\/www.locationsvoiturefes.com\/es\/about-us\/","title":{"rendered":"Qui Sommes-Nous ?"},"content":{"rendered":"<div class=\"wpb-content-wrapper\"><div data-vc-full-width=\"true\" data-vc-full-width-init=\"false\" class=\"vc_row wpb_row vc_row-fluid secondary_color_background box_shadow vc_column-gap-35 vc_row-o-full-height vc_row-o-columns-middle vc_row-o-equal-height vc_row-o-content-middle vc_row-flex vc-slider-bg vc-slider-bg-830097\"><div class=\"wpb_column vc_column_container vc_col-sm-8 vc_col-has-fill\"><div class=\"vc_column-inner vc_custom_1549248549730\"><div class=\"wpb_wrapper\"><div class=\"fancy-title align_left\"><h2 class=\"vc_underline_title vc_title white\">Drive4Less : Votre Solution de Location de Voitures \u00e0 F\u00e8s<\/h2><div class=\"vc_underline white\"><\/div><\/div>\n\t<div class=\"wpb_text_column wpb_content_element white\" >\n\t\t<div class=\"wpb_wrapper\">\n\t\t\t<p><strong>Drive4Less<\/strong> est une entreprise de location de voitures bas\u00e9e \u00e0 F\u00e8s, au Maroc, d\u00e9di\u00e9e \u00e0 offrir des solutions de mobilit\u00e9 simples et \u00e9conomiques. Notre objectif est de rendre la location de voitures accessible \u00e0 tous, que vous soyez un voyageur en qu\u00eate d\u2019aventure ou un r\u00e9sident local ayant besoin d\u2019une voiture temporaire.<\/p>\n<h4>Une Flotte Adapt\u00e9e \u00e0 Vos Besoins<\/h4>\n<p>Nous proposons une large gamme de v\u00e9hicules pour r\u00e9pondre \u00e0 divers besoins. Que vous cherchiez une voiture compacte pour explorer les ruelles \u00e9troites de la m\u00e9dina ou un SUV spacieux pour une excursion en dehors de la ville, nous avons le v\u00e9hicule qu&rsquo;il vous faut. Tous nos v\u00e9hicules sont r\u00e9guli\u00e8rement entretenus pour garantir s\u00e9curit\u00e9 et confort.<\/p>\n<h4>\u00bfPor qu\u00e9 Elegir Drive4Less?<\/h4>\n<p>Voici pourquoi <strong>Drive4Less<\/strong> est le choix id\u00e9al pour votre location de voiture :<\/p>\n<ul>\n<li><strong>Service Client Exceptionnel<\/strong> : Notre \u00e9quipe se consacre \u00e0 offrir un service professionnel et personnalis\u00e9 pour r\u00e9pondre \u00e0 toutes vos questions et besoins.<\/li>\n<li><strong>Flexibilit\u00e9<\/strong> : Le processus de location est simple et flexible. R\u00e9servez en ligne ou directement dans nos bureaux selon votre pr\u00e9f\u00e9rence.<\/li>\n<li><strong>Tarifs Comp\u00e9titifs<\/strong> : Nous proposons des tarifs clairs et comp\u00e9titifs, sans frais cach\u00e9s, pour une exp\u00e9rience de location sans surprise.<\/li>\n<li><strong>Expertise Locale<\/strong> : En tant qu\u2019entreprise locale, nous connaissons bien F\u00e8s et pouvons vous fournir des recommandations utiles pour votre s\u00e9jour.<\/li>\n<\/ul>\n<h4>Nos Engagements<\/h4>\n<p>Nous nous engageons \u00e0 fournir un service transparent et fiable. Tous nos v\u00e9hicules sont soigneusement v\u00e9rifi\u00e9s avant chaque location pour assurer une conduite s\u00e9curis\u00e9e.<\/p>\n\n\t\t<\/div>\n\t<\/div>\n<\/div><\/div><\/div><div class=\"wpb_column vc_column_container vc_col-sm-4 vc_col-has-fill\"><div class=\"vc_column-inner vc_custom_1549260453379\"><div class=\"wpb_wrapper\"><\/div><\/div><\/div><\/div><div class=\"vc_row-full-width vc_clearfix\"><\/div><div data-vc-full-width=\"true\" data-vc-full-width-init=\"false\" class=\"vc_row wpb_row vc_row-fluid primary_color_background box_shadow vc_custom_1551678287611 vc-slider-bg vc-slider-bg-775696\"><div class=\"wpb_column vc_column_container vc_col-sm-6 vc_col-lg-3 vc_col-md-3\"><div class=\"vc_column-inner vc_custom_1551678127245\"><div class=\"wpb_wrapper\"><div class=\"vc_row wpb_row vc_inner vc_row-fluid\"><div class=\"wpb_column vc_column_container vc_col-sm-3\"><div class=\"vc_column-inner\"><div class=\"wpb_wrapper\"><div class=\"vc_icon_element vc_icon_element-outer vc_custom_1551678384251 vc_do_icon wpb_animate_when_almost_visible wpb_flipInX flipInX vc_icon_element-align-center\"><div class=\"vc_icon_element-inner vc_icon_element-color-secondary_color vc_icon_element-size-lg vc_icon_element-style- vc_icon_element-background-color-grey\" ><span class=\"vc_icon_element-icon fa fa-heart\" ><\/span><\/div><\/div><\/div><\/div><\/div><div class=\"wpb_column vc_column_container vc_col-sm-9\"><div class=\"vc_column-inner\"><div class=\"wpb_wrapper\"><div><div class=\"stat_counter_wrapper white\"><div id=\"wpcr-counter174560\" class=\"stat_counter default\" data-count_to=\"1268\">-<\/div><div class=\"stat_title\">Clientes Satisfechos<\/div><\/div><\/div><\/div><\/div><\/div><\/div><\/div><\/div><\/div><div class=\"wpb_column vc_column_container vc_col-sm-6 vc_col-lg-3 vc_col-md-3\"><div class=\"vc_column-inner vc_custom_1551678132917\"><div class=\"wpb_wrapper\"><div class=\"vc_row wpb_row vc_inner vc_row-fluid\"><div class=\"wpb_column vc_column_container vc_col-sm-3\"><div class=\"vc_column-inner\"><div class=\"wpb_wrapper\"><div class=\"vc_icon_element vc_icon_element-outer vc_custom_1551678389420 vc_do_icon wpb_animate_when_almost_visible wpb_flipInX flipInX vc_icon_element-align-center\"><div class=\"vc_icon_element-inner vc_icon_element-color-secondary_color vc_icon_element-size-lg vc_icon_element-style- vc_icon_element-background-color-grey\" ><span class=\"vc_icon_element-icon fa fa-car\" ><\/span><\/div><\/div><\/div><\/div><\/div><div class=\"wpb_column vc_column_container vc_col-sm-9\"><div class=\"vc_column-inner\"><div class=\"wpb_wrapper\"><div><div class=\"stat_counter_wrapper white\"><div id=\"wpcr-counter652138\" class=\"stat_counter default\" data-count_to=\"25\">-<\/div><div class=\"stat_title\">Veh\u00edculos<\/div><\/div><\/div><\/div><\/div><\/div><\/div><\/div><\/div><\/div><div class=\"wpb_column vc_column_container vc_col-sm-6 vc_col-lg-3 vc_col-md-3\"><div class=\"vc_column-inner vc_custom_1551678141723\"><div class=\"wpb_wrapper\"><div class=\"vc_row wpb_row vc_inner vc_row-fluid\"><div class=\"wpb_column vc_column_container vc_col-sm-3\"><div class=\"vc_column-inner\"><div class=\"wpb_wrapper\"><div class=\"vc_icon_element vc_icon_element-outer vc_custom_1551678393392 vc_do_icon wpb_animate_when_almost_visible wpb_flipInX flipInX vc_icon_element-align-center\"><div class=\"vc_icon_element-inner vc_icon_element-color-secondary_color vc_icon_element-size-lg vc_icon_element-style- vc_icon_element-background-color-grey\" ><span class=\"vc_icon_element-icon fa fa-map-marker\" ><\/span><\/div><\/div><\/div><\/div><\/div><div class=\"wpb_column vc_column_container vc_col-sm-9\"><div class=\"vc_column-inner\"><div class=\"wpb_wrapper\"><div><div class=\"stat_counter_wrapper white\"><div id=\"wpcr-counter753280\" class=\"stat_counter default\" data-count_to=\"8\">-<\/div><div class=\"stat_title\">Ubicaciones <\/div><\/div><\/div><\/div><\/div><\/div><\/div><\/div><\/div><\/div><div class=\"wpb_column vc_column_container vc_col-sm-6 vc_col-lg-3 vc_col-md-3\"><div class=\"vc_column-inner vc_custom_1551678146263\"><div class=\"wpb_wrapper\"><div class=\"vc_row wpb_row vc_inner vc_row-fluid\"><div class=\"wpb_column vc_column_container vc_col-sm-3\"><div class=\"vc_column-inner\"><div class=\"wpb_wrapper\"><div class=\"vc_icon_element vc_icon_element-outer vc_custom_1551678398341 vc_do_icon wpb_animate_when_almost_visible wpb_flipInX flipInX vc_icon_element-align-center\"><div class=\"vc_icon_element-inner vc_icon_element-color-secondary_color vc_icon_element-size-lg vc_icon_element-style- vc_icon_element-background-color-grey\" ><span class=\"vc_icon_element-icon fa fa-calendar-check-o\" ><\/span><\/div><\/div><\/div><\/div><\/div><div class=\"wpb_column vc_column_container vc_col-sm-9\"><div class=\"vc_column-inner\"><div class=\"wpb_wrapper\"><div><div class=\"stat_counter_wrapper white\"><div id=\"wpcr-counter846573\" class=\"stat_counter default\" data-count_to=\"1264\">-<\/div><div class=\"stat_title\">Reservas Realizadas<\/div><\/div><\/div><\/div><\/div><\/div><\/div><\/div><\/div><\/div><\/div><div class=\"vc_row-full-width vc_clearfix\"><\/div><div class=\"vc_row wpb_row vc_row-fluid vc_custom_1549260584699 vc-slider-bg vc-slider-bg-206113\"><div class=\"wpb_column vc_column_container vc_col-sm-12\"><div class=\"vc_column-inner\"><div class=\"wpb_wrapper\"><div class=\"fancy-title align_center\"><h2 class=\"vc_underline_title vc_title black\">\u00bfPor qu\u00e9 Elegir Drive4Less?<\/h2><div class=\"vc_underline secondary_color_background\"><\/div><\/div>\n\t<div class=\"wpb_text_column wpb_content_element align_center\" >\n\t\t<div class=\"wpb_wrapper\">\n\t\t\t<p><strong>Drive4Less<\/strong> se destaca como tu socio ideal para el alquiler de coches en Fes gracias a varias ventajas clave que garantizan una experiencia de alquiler excepcional:<\/p>\n\n\t\t<\/div>\n\t<\/div>\n<div class=\"vc_row wpb_row vc_inner vc_row-fluid vc_custom_1549250696928\"><div class=\"wpb_column vc_column_container vc_col-sm-4\"><div class=\"vc_column-inner\"><div class=\"wpb_wrapper\"><div class=\"vc_icon_element vc_icon_element-outer vc_do_icon vc_icon_element-align-center\"><div class=\"vc_icon_element-inner vc_icon_element-color-primary_color vc_icon_element-size-xl vc_icon_element-style- vc_icon_element-background-color-grey\" ><span class=\"vc_icon_element-icon fa fa-star\" ><\/span><\/div><\/div>\n\t<div class=\"wpb_text_column wpb_content_element align_center\" >\n\t\t<div class=\"wpb_wrapper\">\n\t\t\t<p><strong>Flexibilidad y Simplicidad<\/strong><\/p>\n<p class=\"translation-block\">El alquiler de coches con Drive4Less est\u00e1 dise\u00f1ado para ser sencillo y flexible. Reserva en l\u00ednea o directamente en nuestras oficinas seg\u00fan tu preferencia. Contamos con horarios de apertura adaptados para facilitar la recogida y devoluci\u00f3n de tu veh\u00edculo.<\/p>\n\n\t\t<\/div>\n\t<\/div>\n<\/div><\/div><\/div><div class=\"wpb_column vc_column_container vc_col-sm-4\"><div class=\"vc_column-inner\"><div class=\"wpb_wrapper\"><div class=\"vc_icon_element vc_icon_element-outer vc_do_icon vc_icon_element-align-center\"><div class=\"vc_icon_element-inner vc_icon_element-color-primary_color vc_icon_element-size-xl vc_icon_element-style- vc_icon_element-background-color-grey\" ><span class=\"vc_icon_element-icon fa fa-wrench\" ><\/span><\/div><\/div>\n\t<div class=\"wpb_text_column wpb_content_element align_center\" >\n\t\t<div class=\"wpb_wrapper\">\n\t\t\t<p><strong>Compromiso con la Seguridad<\/strong><\/p>\n<p>Todos nuestros veh\u00edculos son minuciosamente inspeccionados antes de cada alquiler para garantizar tu seguridad y comodidad. Nos comprometemos a proporcionarte una experiencia de conducci\u00f3n agradable y sin preocupaciones.<\/p>\n\n\t\t<\/div>\n\t<\/div>\n<\/div><\/div><\/div><div class=\"wpb_column vc_column_container vc_col-sm-4\"><div class=\"vc_column-inner\"><div class=\"wpb_wrapper\"><div class=\"vc_icon_element vc_icon_element-outer vc_do_icon vc_icon_element-align-center\"><div class=\"vc_icon_element-inner vc_icon_element-color-primary_color vc_icon_element-size-xl vc_icon_element-style- vc_icon_element-background-color-grey\" ><span class=\"vc_icon_element-icon fa fa-ticket\" ><\/span><\/div><\/div>\n\t<div class=\"wpb_text_column wpb_content_element align_center\" >\n\t\t<div class=\"wpb_wrapper\">\n\t\t\t<p><strong>Tarifas Transparentes y Competitivas<\/strong><\/p>\n<p>Ofrecemos tarifas claras y competitivas, sin cargos ocultos. De este modo, disfrutas de una excelente relaci\u00f3n calidad-precio para tus necesidades de movilidad. Tambi\u00e9n ofrecemos ofertas especiales y descuentos regulares.<\/p>\n\n\t\t<\/div>\n\t<\/div>\n<\/div><\/div><\/div><\/div><\/div><\/div><\/div><\/div>\n<\/div>","protected":false},"excerpt":{"rendered":"Drive4Less : Votre Solution de Location de Voitures \u00e0 F\u00e8s Drive4Less est une entreprise de location de voitures bas\u00e9e \u00e0 F\u00e8s, au Maroc, d\u00e9di\u00e9e \u00e0 offrir des solutions de mobilit\u00e9 simples et \u00e9conomiques. Notre objectif est de rendre la location de voitures accessible \u00e0 tous, que vous soyez un voyageur en qu\u00eate d\u2019aventure ou un [...]","protected":false},"author":1,"featured_media":0,"parent":0,"menu_order":0,"comment_status":"closed","ping_status":"closed","template":"homepage.php","meta":{"footnotes":""},"class_list":["post-1853","page","type-page","status-publish","hentry"],"_links":{"self":[{"href":"https:\/\/www.locationsvoiturefes.com\/es\/wp-json\/wp\/v2\/pages\/1853","targetHints":{"allow":["GET"]}}],"collection":[{"href":"https:\/\/www.locationsvoiturefes.com\/es\/wp-json\/wp\/v2\/pages"}],"about":[{"href":"https:\/\/www.locationsvoiturefes.com\/es\/wp-json\/wp\/v2\/types\/page"}],"author":[{"embeddable":true,"href":"https:\/\/www.locationsvoiturefes.com\/es\/wp-json\/wp\/v2\/users\/1"}],"replies":[{"embeddable":true,"href":"https:\/\/www.locationsvoiturefes.com\/es\/wp-json\/wp\/v2\/comments?post=1853"}],"version-history":[{"count":0,"href":"https:\/\/www.locationsvoiturefes.com\/es\/wp-json\/wp\/v2\/pages\/1853\/revisions"}],"wp:attachment":[{"href":"https:\/\/www.locationsvoiturefes.com\/es\/wp-json\/wp\/v2\/media?parent=1853"}],"curies":[{"name":"wp","href":"https:\/\/api.w.org\/{rel}","templated":true}]}}