{"id":3169,"date":"2024-08-11T13:56:20","date_gmt":"2024-08-11T13:56:20","guid":{"rendered":"https:\/\/www.locationsvoiturefes.com\/?page_id=3169"},"modified":"2024-09-15T12:56:24","modified_gmt":"2024-09-15T12:56:24","slug":"politique-de-confidentialite","status":"publish","type":"page","link":"https:\/\/www.locationsvoiturefes.com\/en\/politique-de-confidentialite\/","title":{"rendered":"Privacy Policy"},"content":{"rendered":"<div class=\"wpb-content-wrapper\"><div data-vc-full-width=\"true\" data-vc-full-width-init=\"false\" class=\"vc_row wpb_row vc_row-fluid secondary_color_background box_shadow vc_column-gap-35 vc_row-o-full-height vc_row-o-columns-middle vc_row-o-equal-height vc_row-o-content-middle vc_row-flex vc-slider-bg vc-slider-bg-648373\"><div class=\"wpb_column vc_column_container vc_col-sm-8 vc_col-has-fill\"><div class=\"vc_column-inner vc_custom_1549248549730\"><div class=\"wpb_wrapper\"><div class=\"fancy-title align_left\"><h3 class=\"vc_underline_title vc_title white\">Politique de Confidentialit\u00e9 \u2013 Drive4Less<\/h3><div class=\"vc_underline white\"><\/div><\/div>\n\t<div class=\"wpb_text_column wpb_content_element white\" >\n\t\t<div class=\"wpb_wrapper\">\n\t\t\t<p>Chez <strong>Drive4Less<\/strong>, nous nous engageons \u00e0 prot\u00e9ger la confidentialit\u00e9 et la s\u00e9curit\u00e9 des informations personnelles de nos clients. Cette politique de confidentialit\u00e9 d\u00e9crit la mani\u00e8re dont nous collectons, utilisons, stockons et prot\u00e9geons vos donn\u00e9es personnelles.<\/p>\n<h4>1. <strong>Collecte des Donn\u00e9es Personnelles<\/strong><\/h4>\n<p>Nous collectons vos informations personnelles lorsque vous :<\/p>\n<ul>\n<li>Effectuez une r\u00e9servation en ligne ou en agence.<\/li>\n<li>Cr\u00e9ez un compte utilisateur sur notre site Web.<\/li>\n<li>Contactez notre service client.<\/li>\n<li>Participez \u00e0 nos enqu\u00eates ou promotions.<\/li>\n<\/ul>\n<p>Les informations collect\u00e9es peuvent inclure votre nom, adresse, adresse e-mail, num\u00e9ro de t\u00e9l\u00e9phone, informations de paiement, ainsi que des informations sur votre permis de conduire.<\/p>\n<h4>2. <strong>Utilisation des Donn\u00e9es<\/strong><\/h4>\n<p>Les donn\u00e9es personnelles collect\u00e9es sont utilis\u00e9es pour :<\/p>\n<ul>\n<li>Traiter et g\u00e9rer vos r\u00e9servations.<\/li>\n<li>Communiquer avec vous concernant votre location ou tout autre service.<\/li>\n<li>Am\u00e9liorer notre service client et personnaliser votre exp\u00e9rience.<\/li>\n<li>Vous informer de nos offres sp\u00e9ciales et promotions (si vous avez consenti \u00e0 recevoir de telles communications).<\/li>\n<\/ul>\n<h4>3. <strong>Partage des Donn\u00e9es<\/strong><\/h4>\n<p><strong>Drive4Less<\/strong> ne vendra, n&rsquo;\u00e9changera, ni ne louera vos informations personnelles \u00e0 des tiers. Cependant, nous pouvons partager vos donn\u00e9es avec :<\/p>\n<ul>\n<li>Des partenaires de service (comme des processeurs de paiement) pour effectuer les transactions.<\/li>\n<li>Des autorit\u00e9s comp\u00e9tentes si la loi l&rsquo;exige ou pour prot\u00e9ger nos droits l\u00e9gaux.<\/li>\n<\/ul>\n<h4>4. <strong>S\u00e9curit\u00e9 des Donn\u00e9es<\/strong><\/h4>\n<p>Nous mettons en \u0153uvre des mesures de s\u00e9curit\u00e9 techniques et organisationnelles pour prot\u00e9ger vos donn\u00e9es personnelles contre tout acc\u00e8s non autoris\u00e9, perte, destruction ou alt\u00e9ration. Toutefois, bien que nous fassions de notre mieux pour prot\u00e9ger vos donn\u00e9es, aucune m\u00e9thode de transmission sur Internet ou m\u00e9thode de stockage \u00e9lectronique n&rsquo;est totalement s\u00e9curis\u00e9e.<\/p>\n<h4>5. <strong>Vos Droits<\/strong><\/h4>\n<p>Conform\u00e9ment \u00e0 la loi, vous avez le droit de :<\/p>\n<ul>\n<li>Acc\u00e9der \u00e0 vos donn\u00e9es personnelles que nous d\u00e9tenons.<\/li>\n<li>Corriger toute information inexacte ou incompl\u00e8te.<\/li>\n<li>Demander la suppression de vos donn\u00e9es personnelles, sous r\u00e9serve des obligations l\u00e9gales de conservation.<\/li>\n<li>Retirer votre consentement \u00e0 l&rsquo;utilisation de vos donn\u00e9es \u00e0 des fins de marketing \u00e0 tout moment.<\/li>\n<\/ul>\n<h4>6. <strong>Cookies<\/strong><\/h4>\n<p>Notre site Web utilise des cookies pour am\u00e9liorer l&rsquo;exp\u00e9rience utilisateur, analyser les performances du site, et proposer des publicit\u00e9s cibl\u00e9es. Vous pouvez g\u00e9rer vos pr\u00e9f\u00e9rences en mati\u00e8re de cookies via les param\u00e8tres de votre navigateur.<\/p>\n<h4>7. <strong>Modifications de la Politique de Confidentialit\u00e9<\/strong><\/h4>\n<p><strong>Drive4Less<\/strong> se r\u00e9serve le droit de modifier cette politique de confidentialit\u00e9 \u00e0 tout moment. Toute modification sera publi\u00e9e sur cette page avec la date de mise \u00e0 jour.<\/p>\n<h4>8. <strong>Contact<\/strong><\/h4>\n<p>Pour toute question concernant cette politique de confidentialit\u00e9 ou pour exercer vos droits, veuillez nous contacter \u00e0 l&rsquo;adresse suivante : [Contact@Drive4less.ma] ou par t\u00e9l\u00e9phone au +212 660 851 152.<\/p>\n<p>Date de derni\u00e8re mise \u00e0 jour : 11\/08\/2024<\/p>\n\n\t\t<\/div>\n\t<\/div>\n<\/div><\/div><\/div><div class=\"wpb_column vc_column_container vc_col-sm-4 vc_col-has-fill\"><div class=\"vc_column-inner vc_custom_1549260453379\"><div class=\"wpb_wrapper\"><\/div><\/div><\/div><\/div><div class=\"vc_row-full-width vc_clearfix\"><\/div><div data-vc-full-width=\"true\" data-vc-full-width-init=\"false\" class=\"vc_row wpb_row vc_row-fluid primary_color_background box_shadow vc_custom_1551678287611 vc-slider-bg vc-slider-bg-385602\"><div class=\"wpb_column vc_column_container vc_col-sm-6 vc_col-lg-3 vc_col-md-3\"><div class=\"vc_column-inner vc_custom_1551678127245\"><div class=\"wpb_wrapper\"><div class=\"vc_row wpb_row vc_inner vc_row-fluid\"><div class=\"wpb_column vc_column_container vc_col-sm-3\"><div class=\"vc_column-inner\"><div class=\"wpb_wrapper\"><div class=\"vc_icon_element vc_icon_element-outer vc_custom_1551678384251 vc_do_icon wpb_animate_when_almost_visible wpb_flipInX flipInX vc_icon_element-align-center\"><div class=\"vc_icon_element-inner vc_icon_element-color-secondary_color vc_icon_element-size-lg vc_icon_element-style- vc_icon_element-background-color-grey\" ><span class=\"vc_icon_element-icon fa fa-heart\" ><\/span><\/div><\/div><\/div><\/div><\/div><div class=\"wpb_column vc_column_container vc_col-sm-9\"><div class=\"vc_column-inner\"><div class=\"wpb_wrapper\"><div><div class=\"stat_counter_wrapper white\"><div id=\"wpcr-counter830739\" class=\"stat_counter default\" data-count_to=\"1268\">-<\/div><div class=\"stat_title\">Clients Satisfaits<\/div><\/div><\/div><\/div><\/div><\/div><\/div><\/div><\/div><\/div><div class=\"wpb_column vc_column_container vc_col-sm-6 vc_col-lg-3 vc_col-md-3\"><div class=\"vc_column-inner vc_custom_1551678132917\"><div class=\"wpb_wrapper\"><div class=\"vc_row wpb_row vc_inner vc_row-fluid\"><div class=\"wpb_column vc_column_container vc_col-sm-3\"><div class=\"vc_column-inner\"><div class=\"wpb_wrapper\"><div class=\"vc_icon_element vc_icon_element-outer vc_custom_1551678389420 vc_do_icon wpb_animate_when_almost_visible wpb_flipInX flipInX vc_icon_element-align-center\"><div class=\"vc_icon_element-inner vc_icon_element-color-secondary_color vc_icon_element-size-lg vc_icon_element-style- vc_icon_element-background-color-grey\" ><span class=\"vc_icon_element-icon fa fa-car\" ><\/span><\/div><\/div><\/div><\/div><\/div><div class=\"wpb_column vc_column_container vc_col-sm-9\"><div class=\"vc_column-inner\"><div class=\"wpb_wrapper\"><div><div class=\"stat_counter_wrapper white\"><div id=\"wpcr-counter29907\" class=\"stat_counter default\" data-count_to=\"25\">-<\/div><div class=\"stat_title\">V\u00e9hicules<\/div><\/div><\/div><\/div><\/div><\/div><\/div><\/div><\/div><\/div><div class=\"wpb_column vc_column_container vc_col-sm-6 vc_col-lg-3 vc_col-md-3\"><div class=\"vc_column-inner vc_custom_1551678141723\"><div class=\"wpb_wrapper\"><div class=\"vc_row wpb_row vc_inner vc_row-fluid\"><div class=\"wpb_column vc_column_container vc_col-sm-3\"><div class=\"vc_column-inner\"><div class=\"wpb_wrapper\"><div class=\"vc_icon_element vc_icon_element-outer vc_custom_1551678393392 vc_do_icon wpb_animate_when_almost_visible wpb_flipInX flipInX vc_icon_element-align-center\"><div class=\"vc_icon_element-inner vc_icon_element-color-secondary_color vc_icon_element-size-lg vc_icon_element-style- vc_icon_element-background-color-grey\" ><span class=\"vc_icon_element-icon fa fa-map-marker\" ><\/span><\/div><\/div><\/div><\/div><\/div><div class=\"wpb_column vc_column_container vc_col-sm-9\"><div class=\"vc_column-inner\"><div class=\"wpb_wrapper\"><div><div class=\"stat_counter_wrapper white\"><div id=\"wpcr-counter349075\" class=\"stat_counter default\" data-count_to=\"8\">-<\/div><div class=\"stat_title\">Emplacements<\/div><\/div><\/div><\/div><\/div><\/div><\/div><\/div><\/div><\/div><div class=\"wpb_column vc_column_container vc_col-sm-6 vc_col-lg-3 vc_col-md-3\"><div class=\"vc_column-inner vc_custom_1551678146263\"><div class=\"wpb_wrapper\"><div class=\"vc_row wpb_row vc_inner vc_row-fluid\"><div class=\"wpb_column vc_column_container vc_col-sm-3\"><div class=\"vc_column-inner\"><div class=\"wpb_wrapper\"><div class=\"vc_icon_element vc_icon_element-outer vc_custom_1551678398341 vc_do_icon wpb_animate_when_almost_visible wpb_flipInX flipInX vc_icon_element-align-center\"><div class=\"vc_icon_element-inner vc_icon_element-color-secondary_color vc_icon_element-size-lg vc_icon_element-style- vc_icon_element-background-color-grey\" ><span class=\"vc_icon_element-icon fa fa-calendar-check-o\" ><\/span><\/div><\/div><\/div><\/div><\/div><div class=\"wpb_column vc_column_container vc_col-sm-9\"><div class=\"vc_column-inner\"><div class=\"wpb_wrapper\"><div><div class=\"stat_counter_wrapper white\"><div id=\"wpcr-counter617533\" class=\"stat_counter default\" data-count_to=\"1264\">-<\/div><div class=\"stat_title\">R\u00e9servations Effectu\u00e9es<\/div><\/div><\/div><\/div><\/div><\/div><\/div><\/div><\/div><\/div><\/div><div class=\"vc_row-full-width vc_clearfix\"><\/div><div class=\"vc_row wpb_row vc_row-fluid vc_custom_1549260584699 vc-slider-bg vc-slider-bg-279479\"><div class=\"wpb_column vc_column_container vc_col-sm-12\"><div class=\"vc_column-inner\"><div class=\"wpb_wrapper\"><div class=\"fancy-title align_center\"><h2 class=\"vc_underline_title vc_title black\">Pourquoi Choisir Drive4Less ?<\/h2><div class=\"vc_underline secondary_color_background\"><\/div><\/div>\n\t<div class=\"wpb_text_column wpb_content_element align_center\" >\n\t\t<div class=\"wpb_wrapper\">\n\t\t\t<p><strong>Drive4Less<\/strong> se distingue comme votre partenaire id\u00e9al pour la location de voitures \u00e0 F\u00e8s gr\u00e2ce \u00e0 plusieurs atouts cl\u00e9s qui garantissent une exp\u00e9rience de location exceptionnelle :<\/p>\n\n\t\t<\/div>\n\t<\/div>\n<div class=\"vc_row wpb_row vc_inner vc_row-fluid vc_custom_1549250696928\"><div class=\"wpb_column vc_column_container vc_col-sm-4\"><div class=\"vc_column-inner\"><div class=\"wpb_wrapper\"><div class=\"vc_icon_element vc_icon_element-outer vc_do_icon vc_icon_element-align-center\"><div class=\"vc_icon_element-inner vc_icon_element-color-primary_color vc_icon_element-size-xl vc_icon_element-style- vc_icon_element-background-color-grey\" ><span class=\"vc_icon_element-icon fa fa-star\" ><\/span><\/div><\/div>\n\t<div class=\"wpb_text_column wpb_content_element align_center\" >\n\t\t<div class=\"wpb_wrapper\">\n\t\t\t<p><strong>Flexibilit\u00e9 et Simplicit\u00e9<\/strong><\/p>\n<p>La location de voiture avec <strong>Drive4Less<\/strong> est con\u00e7ue pour \u00eatre simple et flexible. R\u00e9servez en ligne ou directement dans nos bureaux selon votre pr\u00e9f\u00e9rence. Nous avons des horaires d&rsquo;ouverture adapt\u00e9s pour faciliter la prise en charge et le retour de votre v\u00e9hicule.<\/p>\n\n\t\t<\/div>\n\t<\/div>\n<\/div><\/div><\/div><div class=\"wpb_column vc_column_container vc_col-sm-4\"><div class=\"vc_column-inner\"><div class=\"wpb_wrapper\"><div class=\"vc_icon_element vc_icon_element-outer vc_do_icon vc_icon_element-align-center\"><div class=\"vc_icon_element-inner vc_icon_element-color-primary_color vc_icon_element-size-xl vc_icon_element-style- vc_icon_element-background-color-grey\" ><span class=\"vc_icon_element-icon fa fa-wrench\" ><\/span><\/div><\/div>\n\t<div class=\"wpb_text_column wpb_content_element align_center\" >\n\t\t<div class=\"wpb_wrapper\">\n\t\t\t<p><strong>Engagement envers la S\u00e9curit\u00e9<\/strong><\/p>\n<p>Tous nos v\u00e9hicules sont minutieusement inspect\u00e9s avant chaque location pour garantir votre s\u00e9curit\u00e9 et votre confort. Nous nous engageons \u00e0 vous fournir une exp\u00e9rience de conduite agr\u00e9able et sans souci.<\/p>\n\n\t\t<\/div>\n\t<\/div>\n<\/div><\/div><\/div><div class=\"wpb_column vc_column_container vc_col-sm-4\"><div class=\"vc_column-inner\"><div class=\"wpb_wrapper\"><div class=\"vc_icon_element vc_icon_element-outer vc_do_icon vc_icon_element-align-center\"><div class=\"vc_icon_element-inner vc_icon_element-color-primary_color vc_icon_element-size-xl vc_icon_element-style- vc_icon_element-background-color-grey\" ><span class=\"vc_icon_element-icon fa fa-ticket\" ><\/span><\/div><\/div>\n\t<div class=\"wpb_text_column wpb_content_element align_center\" >\n\t\t<div class=\"wpb_wrapper\">\n\t\t\t<p><strong>Tarifs Transparente et Comp\u00e9titifs<\/strong><\/p>\n<p>Nous offrons des tarifs clairs et comp\u00e9titifs, sans frais cach\u00e9s. Vous b\u00e9n\u00e9ficiez ainsi d\u2019un excellent rapport qualit\u00e9-prix pour vos besoins de mobilit\u00e9. Nous proposons \u00e9galement des offres sp\u00e9ciales et des r\u00e9ductions r\u00e9guli\u00e8res<\/p>\n\n\t\t<\/div>\n\t<\/div>\n<\/div><\/div><\/div><\/div><\/div><\/div><\/div><\/div>\n<\/div>","protected":false},"excerpt":{"rendered":"Politique de Confidentialit\u00e9 \u2013 Drive4Less Chez Drive4Less, nous nous engageons \u00e0 prot\u00e9ger la confidentialit\u00e9 et la s\u00e9curit\u00e9 des informations personnelles de nos clients. Cette politique de confidentialit\u00e9 d\u00e9crit la mani\u00e8re dont nous collectons, utilisons, stockons et prot\u00e9geons vos donn\u00e9es personnelles. 1. Collecte des Donn\u00e9es Personnelles Nous collectons vos informations personnelles lorsque vous : Effectuez une [...]","protected":false},"author":1,"featured_media":0,"parent":0,"menu_order":0,"comment_status":"closed","ping_status":"closed","template":"homepage.php","meta":{"footnotes":""},"class_list":["post-3169","page","type-page","status-publish","hentry"],"_links":{"self":[{"href":"https:\/\/www.locationsvoiturefes.com\/en\/wp-json\/wp\/v2\/pages\/3169","targetHints":{"allow":["GET"]}}],"collection":[{"href":"https:\/\/www.locationsvoiturefes.com\/en\/wp-json\/wp\/v2\/pages"}],"about":[{"href":"https:\/\/www.locationsvoiturefes.com\/en\/wp-json\/wp\/v2\/types\/page"}],"author":[{"embeddable":true,"href":"https:\/\/www.locationsvoiturefes.com\/en\/wp-json\/wp\/v2\/users\/1"}],"replies":[{"embeddable":true,"href":"https:\/\/www.locationsvoiturefes.com\/en\/wp-json\/wp\/v2\/comments?post=3169"}],"version-history":[{"count":0,"href":"https:\/\/www.locationsvoiturefes.com\/en\/wp-json\/wp\/v2\/pages\/3169\/revisions"}],"wp:attachment":[{"href":"https:\/\/www.locationsvoiturefes.com\/en\/wp-json\/wp\/v2\/media?parent=3169"}],"curies":[{"name":"wp","href":"https:\/\/api.w.org\/{rel}","templated":true}]}}